{"id":2136,"date":"2020-03-02T02:27:22","date_gmt":"2020-03-02T02:27:22","guid":{"rendered":"http:\/\/source.wpopal.com\/winwood\/?page_id=2"},"modified":"2025-04-28T12:44:08","modified_gmt":"2025-04-28T09:44:08","slug":"termeni-si-conditii","status":"publish","type":"page","link":"https:\/\/fermavoicu.ro\/index.php\/termeni-si-conditii\/","title":{"rendered":"Termeni si Conditii"},"content":{"rendered":"\n<p>Termenii de utilizare \u0219i toate informa\u021biile la care se face referire \u00een acest document stabilesc termenii \u0219i condi\u021biile \u00een care vi se permite s\u0103 utiliza\u021bi site-ul prezent.<\/p>\n\n\n\n<p>Prin utilizarea website-ului prezent, sunte\u021bi de acord s\u0103 respecta\u021bi ace\u0219ti Termeni de utilizare. Termenii de utlizare sunt valabili \u00eencep\u00e2nd cu data de 01.04.2025. Citi\u021bi cu aten\u021bie ace\u0219ti Termeni de Utilizare. Este recomandat s\u0103 imprima\u021bi o copie pentru a o ad\u0103uga \u00een arhivele dvs., precum \u0219i copii ale versiunililor viitoare ale acesteia, deoarece aceasta va fi actualizat\u0103 \u00een timp. \u00cen cazul \u00een care, din orice motiv, nu sunte\u021bi de acord cu ace\u0219ti Termeni de utilizare sau nu dori\u021bi s\u0103 adera\u021bi la ei, trebuie s\u0103 nu accesa\u021bi sau s\u0103 nu utiliza\u021bi site-ul prezent.<\/p>\n\n\n\n<ol start=\"1\" class=\"wp-block-list\">\n<li><strong>Detalii despre noi<\/strong>\u00a0(a) Suntem Ferma Voicu SRL, \u00eenfiin\u021bat \u00een conformitate cu legile din Rom\u00e2nia c\u00e2t \u0219i din Uniunea European\u0103, CUI 4820372. Ne pute\u021bi contacta la adresa de e-mail contact @ fermavoicu.ro.<\/li>\n\n\n\n<li>Responsabilitatea dvs. fa\u021b\u0103 de persoanele care acceseaz\u0103 website-ul prezent folosind dispozitivul sau conexiunea dvs. la internet. Trebuie s\u0103 v\u0103 asigura\u021bi c\u0103 orice persoan\u0103 care acceseaz\u0103 website-ul prezent de pe computerul sau dispozitivele dvs. sau care are permisiunea sau posibilitatea de a accesa website-ul prezent de pe computerul sau dispozitivele dvs., sau care utilizeaz\u0103 conexiunea dvs. la internet, sunt con\u0219tiente de ace\u0219ti Termeni de utilizare \u0219i de orice alt document men\u021bionat \u00een cadrul acestor Termeni \u0219i c\u0103 aceste persoane sunt, de asemenea, de acord s\u0103 respecte ace\u0219ti Termeni de utilizare. Dac\u0103, din orice motiv, aceste persoane nu sunt de acord cu ace\u0219ti Termeni de utilizare, ele trebuie s\u0103 nu acceseze sau s\u0103 utilizeze website-ul prezent \u0219i nu trebuie s\u0103 le permite\u021bi s\u0103 fac\u0103 acest lucru.<\/li>\n\n\n\n<li>Ace\u0219ti termeni intr\u0103 \u00een efect \u00eempreun\u0103 cu paginile Politica de Confiden\u021bialitate \u0219i Politica Cookies.<\/li>\n<\/ol>\n","protected":false},"excerpt":{"rendered":"<p>Termenii de utilizare \u0219i toate informa\u021biile la care se face referire \u00een acest document stabilesc termenii \u0219i condi\u021biile \u00een care vi se permite s\u0103 utiliza\u021bi site-ul prezent. Prin utilizarea website-ului prezent, sunte\u021bi de acord s\u0103 respecta\u021bi ace\u0219ti Termeni de utilizare. Termenii de utlizare sunt valabili \u00eencep\u00e2nd cu data de 01.04.2025. Citi\u021bi cu aten\u021bie ace\u0219ti Termeni [&hellip;]<\/p>\n","protected":false},"author":1,"featured_media":0,"parent":0,"menu_order":0,"comment_status":"closed","ping_status":"open","template":"","meta":{"inline_featured_image":false,"footnotes":""},"class_list":["post-2136","page","type-page","status-publish","hentry"],"_links":{"self":[{"href":"https:\/\/fermavoicu.ro\/index.php\/wp-json\/wp\/v2\/pages\/2136","targetHints":{"allow":["GET"]}}],"collection":[{"href":"https:\/\/fermavoicu.ro\/index.php\/wp-json\/wp\/v2\/pages"}],"about":[{"href":"https:\/\/fermavoicu.ro\/index.php\/wp-json\/wp\/v2\/types\/page"}],"author":[{"embeddable":true,"href":"https:\/\/fermavoicu.ro\/index.php\/wp-json\/wp\/v2\/users\/1"}],"replies":[{"embeddable":true,"href":"https:\/\/fermavoicu.ro\/index.php\/wp-json\/wp\/v2\/comments?post=2136"}],"version-history":[{"count":3,"href":"https:\/\/fermavoicu.ro\/index.php\/wp-json\/wp\/v2\/pages\/2136\/revisions"}],"predecessor-version":[{"id":3310,"href":"https:\/\/fermavoicu.ro\/index.php\/wp-json\/wp\/v2\/pages\/2136\/revisions\/3310"}],"wp:attachment":[{"href":"https:\/\/fermavoicu.ro\/index.php\/wp-json\/wp\/v2\/media?parent=2136"}],"curies":[{"name":"wp","href":"https:\/\/api.w.org\/{rel}","templated":true}]}}