{"id":3,"date":"2025-03-06T07:47:11","date_gmt":"2025-03-06T07:47:11","guid":{"rendered":"https:\/\/fermavoicu.ro\/?page_id=3"},"modified":"2025-04-28T12:41:38","modified_gmt":"2025-04-28T09:41:38","slug":"confidentialitate","status":"publish","type":"page","link":"https:\/\/fermavoicu.ro\/index.php\/confidentialitate\/","title":{"rendered":"Politica de Confidentialitate"},"content":{"rendered":"\n<p><strong>Politica de Confiden\u021bialitate \u0219i GDPR<\/strong><\/p>\n\n\n\n<p>Aceasta Politica de Confidentialitate defineste modul in care noi, Ferma Voicu SRL, colectam, stocam si utilizam datele dvs. personale cand accesati sau interactionati cu website-ul nostru www.fermavoicu.ro.<\/p>\n\n\n\n<p>Aceasta Politica de Confidentialitate este aplicabila din data de 1.04.2025.<\/p>\n\n\n\n<p><strong>Ce informatii colectam:&nbsp;<\/strong>nume, detalii contact, informatii din cookie-uri, informatii despre dispozitivul utilizat (spre exemplu tipul de dispozitiv si navigator web), informatii despre modul in care utilizati website-ul nostru (ce pagini ati accesat), data\/ora la care ati accesat website-ul nostru si pe ce ati dat click, locatia geografica de la care ati accesat website-ul nostru (bazata pe adresa IP)<\/p>\n\n\n\n<p><strong>Cum utilizam datele dvs<\/strong>.: pentru scopuri de business si administrative (in special pentru a va contacta si pentru a procesa comenzile pe care le plasati pe site-ul nostru), pentru a ne imbunatati afacerea si site-ul web, pentru a ne indeplini obligatiile contractuale pentru a de a promova bunurile si serviciile noastre, pentru a analiza utilizarea de catre dvs. a site-ului nostru, si in legatura cu drepturile si obligatiile noastre legale<\/p>\n\n\n\n<p><strong>Dezvaluirea datelor despre utilizatori catre parti terte<\/strong>: minimul necesar pentru a ne indeplini obligatiile contractuale pe care le avem fata de dvs. \u2013 furnizorilor parteneri IT&amp;C<\/p>\n\n\n\n<p>Datele dvs. Nu sunt vandute catre parti terte.<\/p>\n\n\n\n<p><strong>Cat timp sunt stocate informatiile dvs<\/strong>.: nu mai mult decat este necesar, in functie de obligatiile noastre legale (ex. Pentru a mentine arhive contabile), sau orice alta baza legala pentru folosirea informatiilor (ex: consimtamant, obligatii contractuale, interese legitime) Informatii despre perioade specifice de stocare a datelor utilizatorilor se afla in sectiunea Durata stocarii datelor dvs.<\/p>\n\n\n\n<p><strong>Cum sunt securizate datele dvs<\/strong>.: prin utilizarea de solutii tehnice si organizatorice precum: stocarea de informatii pe servere securizate, criptarea transferurilor de date catre si de la serverele noastre utilizand tehnologia SSL, permiterea accesului la datele dvs. Personale doar cand este necesar.<\/p>\n\n\n\n<p><strong>Folosirea de cookie-uri:<\/strong>&nbsp;folosim cookie-uri si tehnologii similare de colectare a informatiilor, precum web beacon-uri pe website-ul nostru inclusiv esentiale, functionale, analitice si cookie-uri de targetare.<\/p>\n\n\n\n<p><strong>Transferarea datelor<\/strong>&nbsp;dvs. Personale in afara Spatiului Economic European: va vom transfera datele personale in afara Spatiului Economic European doar daca suntem obligati sa facem acest lucru prin lege sau in vederea executarii obligatiilor contractuale fata de dvs. \u2013 atunci cand facem acest lucru, ne asiguram ca exista masuri de protectie adecvate, de exemplu: protectia datelor cu caracter personal catre partenerii din afara Uniunii Europene este reglementata prin clauze contractuale standard pentru transferul de date cu caracter personal din Comunitate catre tari terte.<\/p>\n\n\n\n<p><strong>Utilizarea proceselor de luare a deciziilor automate si de profilare<\/strong>: noi utilizam procese de luare de decizii automate si\/sau de profilare. Folosirea instrumentelor Web Analytics, a cookie-urilor, a web beacon-urilor sau a instrumentelor de analiza a log-urilor de server (profilarea) sau utilizarea cookie-urilor de targetare pentru a afisa reclame catre persoanele care viziteaza site-ul dvs. Pe alte site-uri web.<\/p>\n\n\n\n<p><strong>Drepturile dvs. In legatura cu datele dvs. Personale<\/strong><\/p>\n\n\n\n<p>aveti dreptul de a accesa datele dvs. si a primi informatii despre utilizarea acestora<\/p>\n\n\n\n<p>aveti dreptul de a cere corectarea si\/sau completarea informatiilor<\/p>\n\n\n\n<p>aveti dreptul de a cere stergerea datelor<\/p>\n\n\n\n<p>aveti dreptul de a restrictiona utilizarea datelor<\/p>\n\n\n\n<p>aveti dreptul de a primi datele intr-un format portabil<\/p>\n\n\n\n<p>aveti dreptul de a va opune prelucrarii datelor dvs.<\/p>\n\n\n\n<p>aveti dreptul de a va retrage consimtamantul pentru prelucrarea datelor dvs.<\/p>\n\n\n\n<p>aveti dreptul de a apela catre o autoritate de supraveghere<\/p>\n\n\n\n<p><strong>Prelucrarea datelor se supune urm\u0103toarelor principii:<\/strong><\/p>\n\n\n\n<ul class=\"wp-block-list\">\n<li>Legalitate, echitate \u0219i transparen\u021b\u0103 \u2013 datele vor fi prelucrate \u00een mod legal, echitabil \u0219i transparent fa\u021b\u0103 de persoana vizat\u0103;<\/li>\n\n\n\n<li>Limit\u0103ri legate de scop \u2013 datele vor fi colectate \u00een scopuri determinate, explicite \u0219i legitime \u0219i nu sunt prelucrate ulterior \u00eentr-un mod incompatibil cu aceste scopuri;<\/li>\n\n\n\n<li>Reducerea la minimum a datelor (\u201eminimizarea datelor\u201d) \u2013 datele vor fi adecvate, relevante \u0219i limitate la ceea ce este necesar \u00een raport cu scopurile \u00een care sunt prelucrate;<\/li>\n\n\n\n<li>Exactitate \u2013 datele vor fi exacte \u0219i, \u00een cazul \u00een care este necesar, vor fi actualizate; se vor lua toate m\u0103surile necesare pentru a se asigura c\u0103 datele cu caracter personal care sunt inexacte, av\u00e2nd \u00een vedere scopurile pentru care sunt prelucrate, sunt \u0219terse sau rectificate f\u0103r\u0103 \u00eent\u00e2rziere;<\/li>\n\n\n\n<li>Limit\u0103ri legate de stocare \u2013 datele vor fi p\u0103strate \u00eentr-o form\u0103 care permite identificarea persoanelor vizate pe o perioad\u0103 care nu dep\u0103\u0219e\u0219te perioada necesar\u0103 \u00eendeplinirii scopurilor \u00een care sunt prelucrate datele; datele cu caracter personal pot fi stocate pe perioade mai lungi \u00een m\u0103sura \u00een care acestea vor fi prelucrate exclusiv \u00een scopuri de arhivare \u00een interes public, \u00een scopuri de cercetare \u0219tiin\u021bific\u0103 sau istoric\u0103 ori \u00een scopuri statistice, sub rezerva punerii \u00een aplicare a m\u0103surilor de ordin tehnic \u0219i organizatoric adecvate;<\/li>\n\n\n\n<li>Integritate \u0219i confiden\u021bialitate \u2013 datele vor fi prelucrate \u00eentr-un mod care asigur\u0103 securitatea adecvat\u0103 a datelor cu caracter personal, inclusiv protec\u021bia \u00eempotriva prelucr\u0103rii neautorizate sau ilegale \u0219i \u00eempotriva pierderii, a distrugerii sau a deterior\u0103rii accidentale, prin luarea de m\u0103suri tehnice sau organizatorice corespunz\u0103toare;<\/li>\n\n\n\n<li>Responsabilitate \u2013 datele vor fi prelucrate cu respectarea principiilor sus-men\u021bionate, iar Ferma Voicu SRL. \u2013 operatorul site-ului\u00a0<em>fermavoicu.ro<\/em>\u00a0va fi responsabil sa demonstreze aceast\u0103 respectare.<\/li>\n\n\n\n<li>Ferma Voicu SRL se va asigura c\u0103 respect\u0103 aceste principii at\u00e2t \u00een ceea ce prive\u0219te activit\u0103\u021bile sale curente, precum \u0219i \u00een cazul \u00een care \u00een viitor va introduce noi tehnologii de prelucrarea a datelor, cum ar fi, f\u0103r\u0103 a se limita la, noi sisteme IT.<\/li>\n<\/ul>\n\n\n\n<p>Pentru informa\u021bii cu privire la termenele de stocare ale unor activit\u0103\u021bi de prelucrare a datelor personale \u00een cadrul companiei, care nu se reg\u0103sesc specificate \u00een prezenta Politic\u0103, v\u0103 rug\u0103m s\u0103 transmite\u021bi solicit\u0103rile dumneavoastr\u0103 pe adresa de e-mail contact @ fermavoicu.ro sau prin accesarea celorlalte mijloace de comunicare reg\u0103site pe website.<\/p>\n","protected":false},"excerpt":{"rendered":"<p>Politica de Confiden\u021bialitate \u0219i GDPR Aceasta Politica de Confidentialitate defineste modul in care noi, Ferma Voicu SRL, colectam, stocam si utilizam datele dvs. personale cand accesati sau interactionati cu website-ul nostru www.fermavoicu.ro. Aceasta Politica de Confidentialitate este aplicabila din data de 1.04.2025. Ce informatii colectam:&nbsp;nume, detalii contact, informatii din cookie-uri, informatii despre dispozitivul utilizat (spre [&hellip;]<\/p>\n","protected":false},"author":1,"featured_media":0,"parent":0,"menu_order":0,"comment_status":"closed","ping_status":"closed","template":"","meta":{"inline_featured_image":false,"footnotes":""},"class_list":["post-3","page","type-page","status-publish","hentry"],"_links":{"self":[{"href":"https:\/\/fermavoicu.ro\/index.php\/wp-json\/wp\/v2\/pages\/3","targetHints":{"allow":["GET"]}}],"collection":[{"href":"https:\/\/fermavoicu.ro\/index.php\/wp-json\/wp\/v2\/pages"}],"about":[{"href":"https:\/\/fermavoicu.ro\/index.php\/wp-json\/wp\/v2\/types\/page"}],"author":[{"embeddable":true,"href":"https:\/\/fermavoicu.ro\/index.php\/wp-json\/wp\/v2\/users\/1"}],"replies":[{"embeddable":true,"href":"https:\/\/fermavoicu.ro\/index.php\/wp-json\/wp\/v2\/comments?post=3"}],"version-history":[{"count":2,"href":"https:\/\/fermavoicu.ro\/index.php\/wp-json\/wp\/v2\/pages\/3\/revisions"}],"predecessor-version":[{"id":3308,"href":"https:\/\/fermavoicu.ro\/index.php\/wp-json\/wp\/v2\/pages\/3\/revisions\/3308"}],"wp:attachment":[{"href":"https:\/\/fermavoicu.ro\/index.php\/wp-json\/wp\/v2\/media?parent=3"}],"curies":[{"name":"wp","href":"https:\/\/api.w.org\/{rel}","templated":true}]}}